{"id":462,"date":"2019-02-13T16:03:16","date_gmt":"2019-02-13T15:03:16","guid":{"rendered":"http:\/\/demo.laserinformatica.it\/?page_id=462"},"modified":"2021-09-21T10:00:13","modified_gmt":"2021-09-21T08:00:13","slug":"europrivacy","status":"publish","type":"page","link":"https:\/\/www.intuite.it\/?page_id=462","title":{"rendered":"EuroPrivacy"},"content":{"rendered":"\t\t<div data-elementor-type=\"wp-post\" data-elementor-id=\"462\" class=\"elementor elementor-462\" data-elementor-post-type=\"page\">\n\t\t\t\t\t\t<section class=\"elementor-section elementor-top-section elementor-element elementor-element-ece77eb elementor-section-height-min-height elementor-hidden-phone elementor-section-boxed elementor-section-height-default elementor-section-items-middle\" data-id=\"ece77eb\" data-element_type=\"section\" data-settings=\"{&quot;background_background&quot;:&quot;classic&quot;}\">\n\t\t\t\t\t\t\t<div class=\"elementor-background-overlay\"><\/div>\n\t\t\t\t\t\t\t<div class=\"elementor-container elementor-column-gap-default\">\n\t\t\t\t\t<div class=\"elementor-column elementor-col-100 elementor-top-column elementor-element elementor-element-ade7faa\" data-id=\"ade7faa\" data-element_type=\"column\">\n\t\t\t<div class=\"elementor-widget-wrap elementor-element-populated\">\n\t\t\t\t\t\t<div class=\"elementor-element elementor-element-40bc4e0 elementor-widget elementor-widget-text-editor\" data-id=\"40bc4e0\" data-element_type=\"widget\" data-widget_type=\"text-editor.default\">\n\t\t\t\t<div class=\"elementor-widget-container\">\n\t\t\t\t\t\t\t\t\t<p>Il software per la gestione degli adempimenti GDPR<\/p>\t\t\t\t\t\t\t\t<\/div>\n\t\t\t\t<\/div>\n\t\t\t\t\t<\/div>\n\t\t<\/div>\n\t\t\t\t\t<\/div>\n\t\t<\/section>\n\t\t\t\t<section class=\"elementor-section elementor-top-section elementor-element elementor-element-c60be98 elementor-section-boxed elementor-section-height-default elementor-section-height-default\" data-id=\"c60be98\" data-element_type=\"section\">\n\t\t\t\t\t\t<div class=\"elementor-container elementor-column-gap-default\">\n\t\t\t\t\t<div class=\"elementor-column elementor-col-100 elementor-top-column elementor-element elementor-element-580fe1b\" data-id=\"580fe1b\" data-element_type=\"column\">\n\t\t\t<div class=\"elementor-widget-wrap elementor-element-populated\">\n\t\t\t\t\t\t<div class=\"elementor-element elementor-element-dff31e8 elementor-hidden-phone elementor-widget elementor-widget-spacer\" data-id=\"dff31e8\" data-element_type=\"widget\" data-widget_type=\"spacer.default\">\n\t\t\t\t<div class=\"elementor-widget-container\">\n\t\t\t\t\t\t\t<div class=\"elementor-spacer\">\n\t\t\t<div class=\"elementor-spacer-inner\"><\/div>\n\t\t<\/div>\n\t\t\t\t\t\t<\/div>\n\t\t\t\t<\/div>\n\t\t\t\t<div class=\"elementor-element elementor-element-20e4074 elementor-widget elementor-widget-text-editor\" data-id=\"20e4074\" data-element_type=\"widget\" data-widget_type=\"text-editor.default\">\n\t\t\t\t<div class=\"elementor-widget-container\">\n\t\t\t\t\t\t\t\t\t<p>EuroPrivacy<\/p>\t\t\t\t\t\t\t\t<\/div>\n\t\t\t\t<\/div>\n\t\t\t\t\t<\/div>\n\t\t<\/div>\n\t\t\t\t\t<\/div>\n\t\t<\/section>\n\t\t\t\t<section class=\"elementor-section elementor-top-section elementor-element elementor-element-ce03816 elementor-section-boxed elementor-section-height-default elementor-section-height-default\" data-id=\"ce03816\" data-element_type=\"section\">\n\t\t\t\t\t\t<div class=\"elementor-container elementor-column-gap-default\">\n\t\t\t\t\t<div class=\"elementor-column elementor-col-50 elementor-top-column elementor-element elementor-element-9235466\" data-id=\"9235466\" data-element_type=\"column\">\n\t\t\t<div class=\"elementor-widget-wrap elementor-element-populated\">\n\t\t\t\t\t\t<div class=\"elementor-element elementor-element-46c17de elementor-widget elementor-widget-image\" data-id=\"46c17de\" data-element_type=\"widget\" data-widget_type=\"image.default\">\n\t\t\t\t<div class=\"elementor-widget-container\">\n\t\t\t\t\t\t\t\t\t\t\t\t\t\t\t\t<a href=\"https:\/\/www.intuite.it\/wp-content\/uploads\/2021\/06\/Euro_Privacy_Depliant.pdf\" target=\"_blank\">\n\t\t\t\t\t\t\t<img fetchpriority=\"high\" decoding=\"async\" width=\"212\" height=\"300\" src=\"https:\/\/www.intuite.it\/wp-content\/uploads\/2021\/06\/Folder_Euro_Privacy-212x300.png\" class=\"attachment-medium size-medium wp-image-1319\" alt=\"\" srcset=\"https:\/\/www.intuite.it\/wp-content\/uploads\/2021\/06\/Folder_Euro_Privacy-212x300.png 212w, https:\/\/www.intuite.it\/wp-content\/uploads\/2021\/06\/Folder_Euro_Privacy-724x1024.png 724w, https:\/\/www.intuite.it\/wp-content\/uploads\/2021\/06\/Folder_Euro_Privacy-768x1086.png 768w, https:\/\/www.intuite.it\/wp-content\/uploads\/2021\/06\/Folder_Euro_Privacy-1086x1536.png 1086w, https:\/\/www.intuite.it\/wp-content\/uploads\/2021\/06\/Folder_Euro_Privacy.png 1240w\" sizes=\"(max-width: 212px) 100vw, 212px\" \/>\t\t\t\t\t\t\t\t<\/a>\n\t\t\t\t\t\t\t\t\t\t\t\t\t\t\t<\/div>\n\t\t\t\t<\/div>\n\t\t\t\t\t<\/div>\n\t\t<\/div>\n\t\t\t\t<div class=\"elementor-column elementor-col-50 elementor-top-column elementor-element elementor-element-f29f839\" data-id=\"f29f839\" data-element_type=\"column\">\n\t\t\t<div class=\"elementor-widget-wrap elementor-element-populated\">\n\t\t\t\t\t\t<div class=\"elementor-element elementor-element-d44ac94 elementor-position-left elementor-vertical-align-top elementor-widget elementor-widget-image-box\" data-id=\"d44ac94\" data-element_type=\"widget\" data-widget_type=\"image-box.default\">\n\t\t\t\t<div class=\"elementor-widget-container\">\n\t\t\t\t\t<div class=\"elementor-image-box-wrapper\"><figure class=\"elementor-image-box-img\"><img decoding=\"async\" src=\"http:\/\/localhost:8888\/wp-content\/uploads\/2019\/02\/icopry.png\" title=\"\" alt=\"\" loading=\"lazy\" \/><\/figure><div class=\"elementor-image-box-content\"><h2 class=\"elementor-image-box-title\">La normativa<\/h2><p class=\"elementor-image-box-description\">Dal 25 maggio 2018 \u00e8 entrato ufficialmente in vigore in tutti gli Stati membri dell'Unione Europea il nuovo Regolamento Generale sulla Protezione dei Dati (GDPR) - Regolamento Europeo UE 2016\/679, che con i suoi 99 articoli ha ridisegnato la disciplina della Privacy a livello europeo.<br>\n<br>\nTale Regolamento comporta importanti cambiamenti nel trattamento dei dati personali nonch\u00e9 alla libera circolazione di tali dati: coinvolge sostanzialmente tutte le imprese, introducendo nuovi diritti per gli interessati (ovvero, le persone fisiche di cui si raccolgono e trattano dati personali di varia natura) e specifici doveri in capo a coloro che trattano in azienda i dati personali (Titolare del Trattamento, Responsabile del Trattamento, soggetti autorizzati al Trattamento, Destinatari), con un sistema sanzionatorio particolarmente gravoso (fino a 20 milioni di \u20ac o al 4% del fatturato globale) e con la possibilit\u00e0 per l'interessato di richiesta risarcimento danni, anche se non meramente materiali, al Titolare del Trattamento.In sostanza il GDPR introduce nelle aziende una nuova impostazione sull'utilizzo di dati ed informazioni delle persone, basata sulla massima riduzione del rischio di violazione o uso improprio, imponendo al Titolare del Trattamento di adottare e rendicontare, nel corso del tempo, la reale efficacia delle misure di protezione adottate.Per gestire gli aspetti burocratici, Laser Informatica, ha realizzato un'apposita soluzione software cloud, denominata EuroPrivacy.<br><br>\n<h4>EuroPrivacy - Sicurezza e Controllo<\/h4>\nEuroPrivacy \u00e8 la soluzione cloud ideale per aziende, commercialisti, professionisti in genere, consulenti Privacy e DPO (Data Protection Officer). EuroPrivacy costituisce un importante tassello per l'adeguamento del cliente al nuovo Regolamento Privacy poich\u00e8, con l'indispensabile collaborazione di consulenti privacy certificati, consente di redigere e gestire tutta la documentazione richiesta dalla nuova normativa:<p>\n<ul>\n<li>Registro dei trattamenti del Titolare<\/li>\n<li>Registro dei trattamenti del Responsabile<\/li>\n<li>Contratti di nomina quale Responsabile del trattamento<\/li>\n<li>Nomine dei soggetti autorizzati al trattamento<\/li>\n<li>Informative sul trattamento dei dati<\/li>\n<li>Richieste di consenso<\/li>\n<li>Valutazione dei rischi e degli impatti<\/li>\n<li>Comunicazione data breach (ovvero, comunicazione al Garante e agli interessati delle violazioni ai dati gestiti<\/li>\n<\/ul>La conformit\u00e0 al GDPR \u00e8 un'opportunit\u00e0 per aggiornare le procedure ed i sistemi, comunicare attenzione verso i propri interlocutori ed acquisire un vantaggio competitivo e di immagine sul mercato: EuroPrivacy, ti aiuta a farlo!<\/p><\/div><\/div>\t\t\t\t<\/div>\n\t\t\t\t<\/div>\n\t\t\t\t\t<\/div>\n\t\t<\/div>\n\t\t\t\t\t<\/div>\n\t\t<\/section>\n\t\t\t\t<section class=\"elementor-section elementor-top-section elementor-element elementor-element-14e57c5 elementor-section-boxed elementor-section-height-default elementor-section-height-default\" data-id=\"14e57c5\" data-element_type=\"section\">\n\t\t\t\t\t\t<div class=\"elementor-container elementor-column-gap-default\">\n\t\t\t\t\t<div class=\"elementor-column elementor-col-100 elementor-top-column elementor-element elementor-element-41eff56\" data-id=\"41eff56\" data-element_type=\"column\">\n\t\t\t<div class=\"elementor-widget-wrap elementor-element-populated\">\n\t\t\t\t\t\t<div class=\"elementor-element elementor-element-f4e8cac elementor-align-center elementor-widget elementor-widget-button\" data-id=\"f4e8cac\" data-element_type=\"widget\" data-widget_type=\"button.default\">\n\t\t\t\t<div class=\"elementor-widget-container\">\n\t\t\t\t\t\t\t\t\t<div class=\"elementor-button-wrapper\">\n\t\t\t\t\t<a class=\"elementor-button elementor-button-link elementor-size-sm\" href=\"https:\/\/www.intuite.it\/wp-content\/uploads\/2021\/06\/Euro_Privacy_Depliant.pdf\" target=\"_blank\">\n\t\t\t\t\t\t<span class=\"elementor-button-content-wrapper\">\n\t\t\t\t\t\t<span class=\"elementor-button-icon\">\n\t\t\t\t<i aria-hidden=\"true\" class=\"far fa-file-pdf\"><\/i>\t\t\t<\/span>\n\t\t\t\t\t\t\t\t\t<span class=\"elementor-button-text\">Brochure PDF<\/span>\n\t\t\t\t\t<\/span>\n\t\t\t\t\t<\/a>\n\t\t\t\t<\/div>\n\t\t\t\t\t\t\t\t<\/div>\n\t\t\t\t<\/div>\n\t\t\t\t\t<\/div>\n\t\t<\/div>\n\t\t\t\t\t<\/div>\n\t\t<\/section>\n\t\t\t\t<\/div>\n\t\t","protected":false},"excerpt":{"rendered":"<p>Il software per la gestione degli adempimenti GDPR EuroPrivacy La normativa Dal 25 maggio 2018 \u00e8 entrato ufficialmente in vigore in tutti gli Stati membri dell&#8217;Unione Europea il nuovo Regolamento Generale sulla Protezione dei Dati (GDPR) &#8211; Regolamento Europeo UE 2016\/679, che con i suoi 99 articoli ha ridisegnato la disciplina della Privacy a livello [&hellip;]<\/p>\n","protected":false},"author":3,"featured_media":0,"parent":0,"menu_order":0,"comment_status":"closed","ping_status":"closed","template":"","meta":{"_monsterinsights_skip_tracking":false,"_monsterinsights_sitenote_active":false,"_monsterinsights_sitenote_note":"","_monsterinsights_sitenote_category":0,"footnotes":""},"class_list":["post-462","page","type-page","status-publish","hentry"],"yoast_head":"<!-- This site is optimized with the Yoast SEO plugin v25.0 - https:\/\/yoast.com\/wordpress\/plugins\/seo\/ -->\r\n<title>EuroPrivacy Regolamento Generale sulla Protezione dei Dati (GDPR)<\/title>\r\n<meta name=\"description\" content=\"Regolamento Generale sulla Protezione dei Dati (GDPR) - Regolamento Europeo UE 2016\/679 - 99 articoli - la disciplina della Privacy a livello europeo.\" \/>\r\n<meta name=\"robots\" content=\"index, follow, max-snippet:-1, max-image-preview:large, max-video-preview:-1\" \/>\r\n<link rel=\"canonical\" href=\"https:\/\/www.intuite.it\/?page_id=462\" \/>\r\n<meta property=\"og:locale\" content=\"it_IT\" \/>\r\n<meta property=\"og:type\" content=\"article\" \/>\r\n<meta property=\"og:title\" content=\"EuroPrivacy Regolamento Generale sulla Protezione dei Dati (GDPR)\" \/>\r\n<meta property=\"og:description\" content=\"Regolamento Generale sulla Protezione dei Dati (GDPR) - Regolamento Europeo UE 2016\/679 - 99 articoli - la disciplina della Privacy a livello europeo.\" \/>\r\n<meta property=\"og:url\" content=\"https:\/\/www.intuite.it\/?page_id=462\" \/>\r\n<meta property=\"og:site_name\" content=\"Intuite\" \/>\r\n<meta property=\"article:modified_time\" content=\"2021-09-21T08:00:13+00:00\" \/>\r\n<meta property=\"og:image\" content=\"https:\/\/www.intuite.it\/wp-content\/uploads\/2021\/06\/Folder_Euro_Privacy-212x300.png\" \/>\r\n<meta name=\"twitter:card\" content=\"summary_large_image\" \/>\r\n<meta name=\"twitter:label1\" content=\"Tempo di lettura stimato\" \/>\n\t<meta name=\"twitter:data1\" content=\"2 minuti\" \/>\r\n<script type=\"application\/ld+json\" class=\"yoast-schema-graph\">{\"@context\":\"https:\/\/schema.org\",\"@graph\":[{\"@type\":\"WebPage\",\"@id\":\"https:\/\/www.intuite.it\/?page_id=462\",\"url\":\"https:\/\/www.intuite.it\/?page_id=462\",\"name\":\"EuroPrivacy Regolamento Generale sulla Protezione dei Dati (GDPR)\",\"isPartOf\":{\"@id\":\"https:\/\/www.intuite.it\/#website\"},\"primaryImageOfPage\":{\"@id\":\"https:\/\/www.intuite.it\/?page_id=462#primaryimage\"},\"image\":{\"@id\":\"https:\/\/www.intuite.it\/?page_id=462#primaryimage\"},\"thumbnailUrl\":\"https:\/\/www.intuite.it\/wp-content\/uploads\/2021\/06\/Folder_Euro_Privacy-212x300.png\",\"datePublished\":\"2019-02-13T15:03:16+00:00\",\"dateModified\":\"2021-09-21T08:00:13+00:00\",\"description\":\"Regolamento Generale sulla Protezione dei Dati (GDPR) - Regolamento Europeo UE 2016\/679 - 99 articoli - la disciplina della Privacy a livello europeo.\",\"breadcrumb\":{\"@id\":\"https:\/\/www.intuite.it\/?page_id=462#breadcrumb\"},\"inLanguage\":\"it-IT\",\"potentialAction\":[{\"@type\":\"ReadAction\",\"target\":[\"https:\/\/www.intuite.it\/?page_id=462\"]}]},{\"@type\":\"ImageObject\",\"inLanguage\":\"it-IT\",\"@id\":\"https:\/\/www.intuite.it\/?page_id=462#primaryimage\",\"url\":\"https:\/\/www.intuite.it\/wp-content\/uploads\/2021\/06\/Folder_Euro_Privacy.png\",\"contentUrl\":\"https:\/\/www.intuite.it\/wp-content\/uploads\/2021\/06\/Folder_Euro_Privacy.png\",\"width\":1240,\"height\":1754},{\"@type\":\"BreadcrumbList\",\"@id\":\"https:\/\/www.intuite.it\/?page_id=462#breadcrumb\",\"itemListElement\":[{\"@type\":\"ListItem\",\"position\":1,\"name\":\"Home\",\"item\":\"https:\/\/www.intuite.it\/\"},{\"@type\":\"ListItem\",\"position\":2,\"name\":\"EuroPrivacy\"}]},{\"@type\":\"WebSite\",\"@id\":\"https:\/\/www.intuite.it\/#website\",\"url\":\"https:\/\/www.intuite.it\/\",\"name\":\"Intuite\",\"description\":\"Software by humans\",\"publisher\":{\"@id\":\"https:\/\/www.intuite.it\/#organization\"},\"potentialAction\":[{\"@type\":\"SearchAction\",\"target\":{\"@type\":\"EntryPoint\",\"urlTemplate\":\"https:\/\/www.intuite.it\/?s={search_term_string}\"},\"query-input\":{\"@type\":\"PropertyValueSpecification\",\"valueRequired\":true,\"valueName\":\"search_term_string\"}}],\"inLanguage\":\"it-IT\"},{\"@type\":\"Organization\",\"@id\":\"https:\/\/www.intuite.it\/#organization\",\"name\":\"Intuite\",\"url\":\"https:\/\/www.intuite.it\/\",\"logo\":{\"@type\":\"ImageObject\",\"inLanguage\":\"it-IT\",\"@id\":\"https:\/\/www.intuite.it\/#\/schema\/logo\/image\/\",\"url\":\"https:\/\/www.intuite.it\/wp-content\/uploads\/2021\/06\/cropped-cropped-logo-1-e1623857559879.jpg\",\"contentUrl\":\"https:\/\/www.intuite.it\/wp-content\/uploads\/2021\/06\/cropped-cropped-logo-1-e1623857559879.jpg\",\"width\":1000,\"height\":438,\"caption\":\"Intuite\"},\"image\":{\"@id\":\"https:\/\/www.intuite.it\/#\/schema\/logo\/image\/\"},\"sameAs\":[\"https:\/\/www.linkedin.com\/in\/donato-sciannameo-b3a14284\/\"]}]}<\/script>\r\n<!-- \/ Yoast SEO plugin. -->","yoast_head_json":{"title":"EuroPrivacy Regolamento Generale sulla Protezione dei Dati (GDPR)","description":"Regolamento Generale sulla Protezione dei Dati (GDPR) - Regolamento Europeo UE 2016\/679 - 99 articoli - la disciplina della Privacy a livello europeo.","robots":{"index":"index","follow":"follow","max-snippet":"max-snippet:-1","max-image-preview":"max-image-preview:large","max-video-preview":"max-video-preview:-1"},"canonical":"https:\/\/www.intuite.it\/?page_id=462","og_locale":"it_IT","og_type":"article","og_title":"EuroPrivacy Regolamento Generale sulla Protezione dei Dati (GDPR)","og_description":"Regolamento Generale sulla Protezione dei Dati (GDPR) - Regolamento Europeo UE 2016\/679 - 99 articoli - la disciplina della Privacy a livello europeo.","og_url":"https:\/\/www.intuite.it\/?page_id=462","og_site_name":"Intuite","article_modified_time":"2021-09-21T08:00:13+00:00","og_image":[{"url":"https:\/\/www.intuite.it\/wp-content\/uploads\/2021\/06\/Folder_Euro_Privacy-212x300.png","type":"","width":"","height":""}],"twitter_card":"summary_large_image","twitter_misc":{"Tempo di lettura stimato":"2 minuti"},"schema":{"@context":"https:\/\/schema.org","@graph":[{"@type":"WebPage","@id":"https:\/\/www.intuite.it\/?page_id=462","url":"https:\/\/www.intuite.it\/?page_id=462","name":"EuroPrivacy Regolamento Generale sulla Protezione dei Dati (GDPR)","isPartOf":{"@id":"https:\/\/www.intuite.it\/#website"},"primaryImageOfPage":{"@id":"https:\/\/www.intuite.it\/?page_id=462#primaryimage"},"image":{"@id":"https:\/\/www.intuite.it\/?page_id=462#primaryimage"},"thumbnailUrl":"https:\/\/www.intuite.it\/wp-content\/uploads\/2021\/06\/Folder_Euro_Privacy-212x300.png","datePublished":"2019-02-13T15:03:16+00:00","dateModified":"2021-09-21T08:00:13+00:00","description":"Regolamento Generale sulla Protezione dei Dati (GDPR) - Regolamento Europeo UE 2016\/679 - 99 articoli - la disciplina della Privacy a livello europeo.","breadcrumb":{"@id":"https:\/\/www.intuite.it\/?page_id=462#breadcrumb"},"inLanguage":"it-IT","potentialAction":[{"@type":"ReadAction","target":["https:\/\/www.intuite.it\/?page_id=462"]}]},{"@type":"ImageObject","inLanguage":"it-IT","@id":"https:\/\/www.intuite.it\/?page_id=462#primaryimage","url":"https:\/\/www.intuite.it\/wp-content\/uploads\/2021\/06\/Folder_Euro_Privacy.png","contentUrl":"https:\/\/www.intuite.it\/wp-content\/uploads\/2021\/06\/Folder_Euro_Privacy.png","width":1240,"height":1754},{"@type":"BreadcrumbList","@id":"https:\/\/www.intuite.it\/?page_id=462#breadcrumb","itemListElement":[{"@type":"ListItem","position":1,"name":"Home","item":"https:\/\/www.intuite.it\/"},{"@type":"ListItem","position":2,"name":"EuroPrivacy"}]},{"@type":"WebSite","@id":"https:\/\/www.intuite.it\/#website","url":"https:\/\/www.intuite.it\/","name":"Intuite","description":"Software by humans","publisher":{"@id":"https:\/\/www.intuite.it\/#organization"},"potentialAction":[{"@type":"SearchAction","target":{"@type":"EntryPoint","urlTemplate":"https:\/\/www.intuite.it\/?s={search_term_string}"},"query-input":{"@type":"PropertyValueSpecification","valueRequired":true,"valueName":"search_term_string"}}],"inLanguage":"it-IT"},{"@type":"Organization","@id":"https:\/\/www.intuite.it\/#organization","name":"Intuite","url":"https:\/\/www.intuite.it\/","logo":{"@type":"ImageObject","inLanguage":"it-IT","@id":"https:\/\/www.intuite.it\/#\/schema\/logo\/image\/","url":"https:\/\/www.intuite.it\/wp-content\/uploads\/2021\/06\/cropped-cropped-logo-1-e1623857559879.jpg","contentUrl":"https:\/\/www.intuite.it\/wp-content\/uploads\/2021\/06\/cropped-cropped-logo-1-e1623857559879.jpg","width":1000,"height":438,"caption":"Intuite"},"image":{"@id":"https:\/\/www.intuite.it\/#\/schema\/logo\/image\/"},"sameAs":["https:\/\/www.linkedin.com\/in\/donato-sciannameo-b3a14284\/"]}]}},"_links":{"self":[{"href":"https:\/\/www.intuite.it\/index.php?rest_route=\/wp\/v2\/pages\/462","targetHints":{"allow":["GET"]}}],"collection":[{"href":"https:\/\/www.intuite.it\/index.php?rest_route=\/wp\/v2\/pages"}],"about":[{"href":"https:\/\/www.intuite.it\/index.php?rest_route=\/wp\/v2\/types\/page"}],"author":[{"embeddable":true,"href":"https:\/\/www.intuite.it\/index.php?rest_route=\/wp\/v2\/users\/3"}],"replies":[{"embeddable":true,"href":"https:\/\/www.intuite.it\/index.php?rest_route=%2Fwp%2Fv2%2Fcomments&post=462"}],"version-history":[{"count":31,"href":"https:\/\/www.intuite.it\/index.php?rest_route=\/wp\/v2\/pages\/462\/revisions"}],"predecessor-version":[{"id":2160,"href":"https:\/\/www.intuite.it\/index.php?rest_route=\/wp\/v2\/pages\/462\/revisions\/2160"}],"wp:attachment":[{"href":"https:\/\/www.intuite.it\/index.php?rest_route=%2Fwp%2Fv2%2Fmedia&parent=462"}],"curies":[{"name":"wp","href":"https:\/\/api.w.org\/{rel}","templated":true}]}}