{"id":444,"date":"2019-02-13T15:58:38","date_gmt":"2019-02-13T14:58:38","guid":{"rendered":"http:\/\/demo.laserinformatica.it\/?page_id=444"},"modified":"2024-02-28T15:20:13","modified_gmt":"2024-02-28T14:20:13","slug":"map-manager","status":"publish","type":"page","link":"https:\/\/www.intuite.it\/?page_id=444","title":{"rendered":"One Logix"},"content":{"rendered":"\t\t<div data-elementor-type=\"wp-post\" data-elementor-id=\"444\" class=\"elementor elementor-444\" data-elementor-post-type=\"page\">\n\t\t\t\t\t\t<section class=\"elementor-section elementor-top-section elementor-element elementor-element-0c078ba elementor-section-height-min-height elementor-hidden-phone elementor-section-boxed elementor-section-height-default elementor-section-items-middle\" data-id=\"0c078ba\" data-element_type=\"section\" data-settings=\"{&quot;background_background&quot;:&quot;classic&quot;}\">\n\t\t\t\t\t\t\t<div class=\"elementor-background-overlay\"><\/div>\n\t\t\t\t\t\t\t<div class=\"elementor-container elementor-column-gap-default\">\n\t\t\t\t\t<div class=\"elementor-column elementor-col-100 elementor-top-column elementor-element elementor-element-fbb7130\" data-id=\"fbb7130\" data-element_type=\"column\">\n\t\t\t<div class=\"elementor-widget-wrap elementor-element-populated\">\n\t\t\t\t\t\t<div class=\"elementor-element elementor-element-f80ebd7 elementor-widget elementor-widget-text-editor\" data-id=\"f80ebd7\" data-element_type=\"widget\" data-widget_type=\"text-editor.default\">\n\t\t\t\t<div class=\"elementor-widget-container\">\n\t\t\t\t\t\t\t\t\t<p>Il software per la gestione del magazzino<\/p>\t\t\t\t\t\t\t\t<\/div>\n\t\t\t\t<\/div>\n\t\t\t\t\t<\/div>\n\t\t<\/div>\n\t\t\t\t\t<\/div>\n\t\t<\/section>\n\t\t\t\t<section class=\"elementor-section elementor-top-section elementor-element elementor-element-64df548 elementor-section-boxed elementor-section-height-default elementor-section-height-default\" data-id=\"64df548\" data-element_type=\"section\">\n\t\t\t\t\t\t<div class=\"elementor-container elementor-column-gap-default\">\n\t\t\t\t\t<div class=\"elementor-column elementor-col-100 elementor-top-column elementor-element elementor-element-2dcd541\" data-id=\"2dcd541\" data-element_type=\"column\">\n\t\t\t<div class=\"elementor-widget-wrap elementor-element-populated\">\n\t\t\t\t\t\t<div class=\"elementor-element elementor-element-201c5b9 elementor-widget elementor-widget-spacer\" data-id=\"201c5b9\" data-element_type=\"widget\" data-widget_type=\"spacer.default\">\n\t\t\t\t<div class=\"elementor-widget-container\">\n\t\t\t\t\t\t\t<div class=\"elementor-spacer\">\n\t\t\t<div class=\"elementor-spacer-inner\"><\/div>\n\t\t<\/div>\n\t\t\t\t\t\t<\/div>\n\t\t\t\t<\/div>\n\t\t\t\t<div class=\"elementor-element elementor-element-973973b elementor-widget elementor-widget-text-editor\" data-id=\"973973b\" data-element_type=\"widget\" data-widget_type=\"text-editor.default\">\n\t\t\t\t<div class=\"elementor-widget-container\">\n\t\t\t\t\t\t\t\t\t<p>One Logix<\/p>\t\t\t\t\t\t\t\t<\/div>\n\t\t\t\t<\/div>\n\t\t\t\t\t<\/div>\n\t\t<\/div>\n\t\t\t\t\t<\/div>\n\t\t<\/section>\n\t\t\t\t<section class=\"elementor-section elementor-top-section elementor-element elementor-element-fd35f80 elementor-section-boxed elementor-section-height-default elementor-section-height-default\" data-id=\"fd35f80\" data-element_type=\"section\">\n\t\t\t\t\t\t<div class=\"elementor-container elementor-column-gap-default\">\n\t\t\t\t\t<div class=\"elementor-column elementor-col-50 elementor-top-column elementor-element elementor-element-085145a\" data-id=\"085145a\" data-element_type=\"column\">\n\t\t\t<div class=\"elementor-widget-wrap elementor-element-populated\">\n\t\t\t\t\t\t<div class=\"elementor-element elementor-element-4f30daa elementor-widget elementor-widget-image\" data-id=\"4f30daa\" data-element_type=\"widget\" data-widget_type=\"image.default\">\n\t\t\t\t<div class=\"elementor-widget-container\">\n\t\t\t\t\t\t\t\t\t\t\t\t\t\t\t\t<a href=\"https:\/\/www.intuite.it\/wp-content\/uploads\/2024\/02\/One-LOGIX_folder_web_ok.pdf\" target=\"_blank\">\n\t\t\t\t\t\t\t<img fetchpriority=\"high\" decoding=\"async\" width=\"213\" height=\"300\" src=\"https:\/\/www.intuite.it\/wp-content\/uploads\/2022\/12\/Cattura.jpg\" class=\"attachment-medium size-medium wp-image-2391\" alt=\"\" \/>\t\t\t\t\t\t\t\t<\/a>\n\t\t\t\t\t\t\t\t\t\t\t\t\t\t\t<\/div>\n\t\t\t\t<\/div>\n\t\t\t\t\t<\/div>\n\t\t<\/div>\n\t\t\t\t<div class=\"elementor-column elementor-col-50 elementor-top-column elementor-element elementor-element-cb385ab\" data-id=\"cb385ab\" data-element_type=\"column\">\n\t\t\t<div class=\"elementor-widget-wrap elementor-element-populated\">\n\t\t\t\t\t\t<div class=\"elementor-element elementor-element-0c9cc02 elementor-position-left elementor-vertical-align-top elementor-widget elementor-widget-image-box\" data-id=\"0c9cc02\" data-element_type=\"widget\" data-widget_type=\"image-box.default\">\n\t\t\t\t<div class=\"elementor-widget-container\">\n\t\t\t\t\t<div class=\"elementor-image-box-wrapper\"><figure class=\"elementor-image-box-img\"><img decoding=\"async\" src=\"http:\/\/localhost:8888\/wp-content\/uploads\/2019\/02\/icomm.png\" title=\"\" alt=\"\" loading=\"lazy\" \/><\/figure><div class=\"elementor-image-box-content\"><h2 class=\"elementor-image-box-title\">Servizi di logistica<\/h2><p class=\"elementor-image-box-description\"><p>One Logix \u00e8 uno strumento pensato per tutte le aziende che vogliono strutturare ed estendere i loro servizi di logistica interni aumentando sensibilmente l\u2019efficienza del reparto magazzino.<\/p>\n<p>One Logix nasce con l\u2019intento di integrare ed estendere in modo nativo tutte le funzioni del gestionale in uso, si propone di fatto non come un software esterno ma come un modulo aggiuntivo al gestionale che come quest\u2019ultimo cresce e si aggiorna di pari passo.<\/p>\n<h4>Obiettivo<\/h4>\n<p>One Logix si propone a quelle aziende che vogliono automatizzare tutti i servizi di gestione del magazzino ottimizzando le fasi di messa a scaffale e di picking, di poter disporre di dispositivi mobili che facilitino la raccolta dati, di un sistema inventariale semplice ed efficace piuttosto che di un sistema per ottimizzare e gestire packing list e piani di carico, utilizzando il sequenziatore di carico si possono controllare e programmare le consegne. Questo significa estendere le potenzialit\u00e0 del gestionale con estrema flessibilit\u00e0 e scalabilit\u00e0.<\/p>\n<h4>Framework<\/h4>\n<p>Grazie all\u2019utilizzo delle ultime tecnologie informatiche, messe a disposizione e l\u2019enorme richiesta e necessit\u00e0 da parte delle aziende di poter intervenire in tempi rapidi e con costi minimi nella struttura del software, la scelta di utilizzare questa metodologia \u00e8 stata quasi del tutto obbligatoria. Di fatto utilizzare un framework come modello di lavoro permette di avere uno strumento attuale e flessibile con il quale interagire in tempo reale.<\/p>\n<h4>Tecnologia<\/h4>\n<ul>\n<li>Microsoft\u00ae ASP.Net per l\u2019interfaccia web<\/li>\n<li>Microsoft\u00ae C# per l\u2019interfaccia Windows<\/li>\n<li>Microsoft\u00ae Database SQL Server\/MSDE come motore di dati<\/li>\n<li>Standard di comunicazione nativa per l\u2019integrazione dati XML oppure altre fonti dati, quali file XML, database ODBC, file di testo o altro<\/li>\n<\/ul><\/p><\/div><\/div>\t\t\t\t<\/div>\n\t\t\t\t<\/div>\n\t\t\t\t\t<\/div>\n\t\t<\/div>\n\t\t\t\t\t<\/div>\n\t\t<\/section>\n\t\t\t\t<section class=\"elementor-section elementor-top-section elementor-element elementor-element-8134946 elementor-section-boxed elementor-section-height-default elementor-section-height-default\" data-id=\"8134946\" data-element_type=\"section\">\n\t\t\t\t\t\t<div class=\"elementor-container elementor-column-gap-default\">\n\t\t\t\t\t<div class=\"elementor-column elementor-col-100 elementor-top-column elementor-element elementor-element-3981ca2\" data-id=\"3981ca2\" data-element_type=\"column\">\n\t\t\t<div class=\"elementor-widget-wrap elementor-element-populated\">\n\t\t\t\t\t\t<div class=\"elementor-element elementor-element-2f0d929 elementor-widget elementor-widget-spacer\" data-id=\"2f0d929\" data-element_type=\"widget\" data-widget_type=\"spacer.default\">\n\t\t\t\t<div class=\"elementor-widget-container\">\n\t\t\t\t\t\t\t<div class=\"elementor-spacer\">\n\t\t\t<div class=\"elementor-spacer-inner\"><\/div>\n\t\t<\/div>\n\t\t\t\t\t\t<\/div>\n\t\t\t\t<\/div>\n\t\t\t\t<div class=\"elementor-element elementor-element-6dafc64 elementor-align-center elementor-widget elementor-widget-button\" data-id=\"6dafc64\" data-element_type=\"widget\" data-widget_type=\"button.default\">\n\t\t\t\t<div class=\"elementor-widget-container\">\n\t\t\t\t\t\t\t\t\t<div class=\"elementor-button-wrapper\">\n\t\t\t\t\t<a class=\"elementor-button elementor-button-link elementor-size-sm\" href=\"https:\/\/www.intuite.it\/wp-content\/uploads\/2024\/02\/One-LOGIX_folder_web_ok.pdf\" target=\"_blank\">\n\t\t\t\t\t\t<span class=\"elementor-button-content-wrapper\">\n\t\t\t\t\t\t<span class=\"elementor-button-icon\">\n\t\t\t\t<i aria-hidden=\"true\" class=\"far fa-file-pdf\"><\/i>\t\t\t<\/span>\n\t\t\t\t\t\t\t\t\t<span class=\"elementor-button-text\">Brochure PDF<\/span>\n\t\t\t\t\t<\/span>\n\t\t\t\t\t<\/a>\n\t\t\t\t<\/div>\n\t\t\t\t\t\t\t\t<\/div>\n\t\t\t\t<\/div>\n\t\t\t\t\t<\/div>\n\t\t<\/div>\n\t\t\t\t\t<\/div>\n\t\t<\/section>\n\t\t\t\t<section class=\"elementor-section elementor-top-section elementor-element elementor-element-f453dda elementor-section-boxed elementor-section-height-default elementor-section-height-default\" data-id=\"f453dda\" data-element_type=\"section\">\n\t\t\t\t\t\t<div class=\"elementor-container elementor-column-gap-default\">\n\t\t\t\t\t<div class=\"elementor-column elementor-col-100 elementor-top-column elementor-element elementor-element-a16ce4f\" data-id=\"a16ce4f\" data-element_type=\"column\">\n\t\t\t<div class=\"elementor-widget-wrap elementor-element-populated\">\n\t\t\t\t\t\t<div class=\"elementor-element elementor-element-eda8ef7 elementor-widget elementor-widget-spacer\" data-id=\"eda8ef7\" data-element_type=\"widget\" data-widget_type=\"spacer.default\">\n\t\t\t\t<div class=\"elementor-widget-container\">\n\t\t\t\t\t\t\t<div class=\"elementor-spacer\">\n\t\t\t<div class=\"elementor-spacer-inner\"><\/div>\n\t\t<\/div>\n\t\t\t\t\t\t<\/div>\n\t\t\t\t<\/div>\n\t\t\t\t\t<\/div>\n\t\t<\/div>\n\t\t\t\t\t<\/div>\n\t\t<\/section>\n\t\t\t\t<\/div>\n\t\t","protected":false},"excerpt":{"rendered":"<p>Il software per la gestione del magazzino One Logix Servizi di logistica One Logix \u00e8 uno strumento pensato per tutte le aziende che vogliono strutturare ed estendere i loro servizi di logistica interni aumentando sensibilmente l\u2019efficienza del reparto magazzino. One Logix nasce con l\u2019intento di integrare ed estendere in modo nativo tutte le funzioni del [&hellip;]<\/p>\n","protected":false},"author":3,"featured_media":0,"parent":0,"menu_order":0,"comment_status":"closed","ping_status":"closed","template":"","meta":{"_monsterinsights_skip_tracking":false,"_monsterinsights_sitenote_active":false,"_monsterinsights_sitenote_note":"","_monsterinsights_sitenote_category":0,"footnotes":""},"class_list":["post-444","page","type-page","status-publish","hentry"],"yoast_head":"<!-- This site is optimized with the Yoast SEO plugin v25.0 - https:\/\/yoast.com\/wordpress\/plugins\/seo\/ -->\r\n<title>logistica<\/title>\r\n<meta name=\"description\" content=\"One Logix \u00e8 uno strumento pensato per tutte le aziende che vogliono strutturare ed estendere i loro servizi di logistica interni aumentando sensibilmente l\u2019efficienza del reparto magazzino - One Logix nasce con l\u2019intento di integrare ed estendere in modo nativo tutte le funzioni del gestionale in uso, si propone di fatto non come un software esterno ma come un modulo aggiuntivo al gestionale che come quest\u2019ultimo cresce e si aggiorna di pari passo - pesaro\" \/>\r\n<meta name=\"robots\" content=\"index, follow, max-snippet:-1, max-image-preview:large, max-video-preview:-1\" \/>\r\n<link rel=\"canonical\" href=\"https:\/\/www.intuite.it\/?page_id=444\" \/>\r\n<meta property=\"og:locale\" content=\"it_IT\" \/>\r\n<meta property=\"og:type\" content=\"article\" \/>\r\n<meta property=\"og:title\" content=\"logistica\" \/>\r\n<meta property=\"og:description\" content=\"One Logix \u00e8 uno strumento pensato per tutte le aziende che vogliono strutturare ed estendere i loro servizi di logistica interni aumentando sensibilmente l\u2019efficienza del reparto magazzino - One Logix nasce con l\u2019intento di integrare ed estendere in modo nativo tutte le funzioni del gestionale in uso, si propone di fatto non come un software esterno ma come un modulo aggiuntivo al gestionale che come quest\u2019ultimo cresce e si aggiorna di pari passo - pesaro\" \/>\r\n<meta property=\"og:url\" content=\"https:\/\/www.intuite.it\/?page_id=444\" \/>\r\n<meta property=\"og:site_name\" content=\"Intuite\" \/>\r\n<meta property=\"article:modified_time\" content=\"2024-02-28T14:20:13+00:00\" \/>\r\n<meta property=\"og:image\" content=\"https:\/\/www.intuite.it\/wp-content\/uploads\/2022\/12\/Cattura.jpg\" \/>\r\n<meta name=\"twitter:card\" content=\"summary_large_image\" \/>\r\n<meta name=\"twitter:label1\" content=\"Tempo di lettura stimato\" \/>\n\t<meta name=\"twitter:data1\" content=\"1 minuto\" \/>\r\n<script type=\"application\/ld+json\" class=\"yoast-schema-graph\">{\"@context\":\"https:\/\/schema.org\",\"@graph\":[{\"@type\":\"WebPage\",\"@id\":\"https:\/\/www.intuite.it\/?page_id=444\",\"url\":\"https:\/\/www.intuite.it\/?page_id=444\",\"name\":\"logistica\",\"isPartOf\":{\"@id\":\"https:\/\/www.intuite.it\/#website\"},\"primaryImageOfPage\":{\"@id\":\"https:\/\/www.intuite.it\/?page_id=444#primaryimage\"},\"image\":{\"@id\":\"https:\/\/www.intuite.it\/?page_id=444#primaryimage\"},\"thumbnailUrl\":\"https:\/\/www.intuite.it\/wp-content\/uploads\/2022\/12\/Cattura.jpg\",\"datePublished\":\"2019-02-13T14:58:38+00:00\",\"dateModified\":\"2024-02-28T14:20:13+00:00\",\"description\":\"One Logix \u00e8 uno strumento pensato per tutte le aziende che vogliono strutturare ed estendere i loro servizi di logistica interni aumentando sensibilmente l\u2019efficienza del reparto magazzino - One Logix nasce con l\u2019intento di integrare ed estendere in modo nativo tutte le funzioni del gestionale in uso, si propone di fatto non come un software esterno ma come un modulo aggiuntivo al gestionale che come quest\u2019ultimo cresce e si aggiorna di pari passo - pesaro\",\"breadcrumb\":{\"@id\":\"https:\/\/www.intuite.it\/?page_id=444#breadcrumb\"},\"inLanguage\":\"it-IT\",\"potentialAction\":[{\"@type\":\"ReadAction\",\"target\":[\"https:\/\/www.intuite.it\/?page_id=444\"]}]},{\"@type\":\"ImageObject\",\"inLanguage\":\"it-IT\",\"@id\":\"https:\/\/www.intuite.it\/?page_id=444#primaryimage\",\"url\":\"https:\/\/www.intuite.it\/wp-content\/uploads\/2022\/12\/Cattura.jpg\",\"contentUrl\":\"https:\/\/www.intuite.it\/wp-content\/uploads\/2022\/12\/Cattura.jpg\",\"width\":457,\"height\":644},{\"@type\":\"BreadcrumbList\",\"@id\":\"https:\/\/www.intuite.it\/?page_id=444#breadcrumb\",\"itemListElement\":[{\"@type\":\"ListItem\",\"position\":1,\"name\":\"Home\",\"item\":\"https:\/\/www.intuite.it\/\"},{\"@type\":\"ListItem\",\"position\":2,\"name\":\"One Logix\"}]},{\"@type\":\"WebSite\",\"@id\":\"https:\/\/www.intuite.it\/#website\",\"url\":\"https:\/\/www.intuite.it\/\",\"name\":\"Intuite\",\"description\":\"Software by humans\",\"publisher\":{\"@id\":\"https:\/\/www.intuite.it\/#organization\"},\"potentialAction\":[{\"@type\":\"SearchAction\",\"target\":{\"@type\":\"EntryPoint\",\"urlTemplate\":\"https:\/\/www.intuite.it\/?s={search_term_string}\"},\"query-input\":{\"@type\":\"PropertyValueSpecification\",\"valueRequired\":true,\"valueName\":\"search_term_string\"}}],\"inLanguage\":\"it-IT\"},{\"@type\":\"Organization\",\"@id\":\"https:\/\/www.intuite.it\/#organization\",\"name\":\"Intuite\",\"url\":\"https:\/\/www.intuite.it\/\",\"logo\":{\"@type\":\"ImageObject\",\"inLanguage\":\"it-IT\",\"@id\":\"https:\/\/www.intuite.it\/#\/schema\/logo\/image\/\",\"url\":\"https:\/\/www.intuite.it\/wp-content\/uploads\/2021\/06\/cropped-cropped-logo-1-e1623857559879.jpg\",\"contentUrl\":\"https:\/\/www.intuite.it\/wp-content\/uploads\/2021\/06\/cropped-cropped-logo-1-e1623857559879.jpg\",\"width\":1000,\"height\":438,\"caption\":\"Intuite\"},\"image\":{\"@id\":\"https:\/\/www.intuite.it\/#\/schema\/logo\/image\/\"},\"sameAs\":[\"https:\/\/www.linkedin.com\/in\/donato-sciannameo-b3a14284\/\"]}]}<\/script>\r\n<!-- \/ Yoast SEO plugin. -->","yoast_head_json":{"title":"logistica","description":"One Logix \u00e8 uno strumento pensato per tutte le aziende che vogliono strutturare ed estendere i loro servizi di logistica interni aumentando sensibilmente l\u2019efficienza del reparto magazzino - One Logix nasce con l\u2019intento di integrare ed estendere in modo nativo tutte le funzioni del gestionale in uso, si propone di fatto non come un software esterno ma come un modulo aggiuntivo al gestionale che come quest\u2019ultimo cresce e si aggiorna di pari passo - pesaro","robots":{"index":"index","follow":"follow","max-snippet":"max-snippet:-1","max-image-preview":"max-image-preview:large","max-video-preview":"max-video-preview:-1"},"canonical":"https:\/\/www.intuite.it\/?page_id=444","og_locale":"it_IT","og_type":"article","og_title":"logistica","og_description":"One Logix \u00e8 uno strumento pensato per tutte le aziende che vogliono strutturare ed estendere i loro servizi di logistica interni aumentando sensibilmente l\u2019efficienza del reparto magazzino - One Logix nasce con l\u2019intento di integrare ed estendere in modo nativo tutte le funzioni del gestionale in uso, si propone di fatto non come un software esterno ma come un modulo aggiuntivo al gestionale che come quest\u2019ultimo cresce e si aggiorna di pari passo - pesaro","og_url":"https:\/\/www.intuite.it\/?page_id=444","og_site_name":"Intuite","article_modified_time":"2024-02-28T14:20:13+00:00","og_image":[{"url":"https:\/\/www.intuite.it\/wp-content\/uploads\/2022\/12\/Cattura.jpg","type":"","width":"","height":""}],"twitter_card":"summary_large_image","twitter_misc":{"Tempo di lettura stimato":"1 minuto"},"schema":{"@context":"https:\/\/schema.org","@graph":[{"@type":"WebPage","@id":"https:\/\/www.intuite.it\/?page_id=444","url":"https:\/\/www.intuite.it\/?page_id=444","name":"logistica","isPartOf":{"@id":"https:\/\/www.intuite.it\/#website"},"primaryImageOfPage":{"@id":"https:\/\/www.intuite.it\/?page_id=444#primaryimage"},"image":{"@id":"https:\/\/www.intuite.it\/?page_id=444#primaryimage"},"thumbnailUrl":"https:\/\/www.intuite.it\/wp-content\/uploads\/2022\/12\/Cattura.jpg","datePublished":"2019-02-13T14:58:38+00:00","dateModified":"2024-02-28T14:20:13+00:00","description":"One Logix \u00e8 uno strumento pensato per tutte le aziende che vogliono strutturare ed estendere i loro servizi di logistica interni aumentando sensibilmente l\u2019efficienza del reparto magazzino - One Logix nasce con l\u2019intento di integrare ed estendere in modo nativo tutte le funzioni del gestionale in uso, si propone di fatto non come un software esterno ma come un modulo aggiuntivo al gestionale che come quest\u2019ultimo cresce e si aggiorna di pari passo - pesaro","breadcrumb":{"@id":"https:\/\/www.intuite.it\/?page_id=444#breadcrumb"},"inLanguage":"it-IT","potentialAction":[{"@type":"ReadAction","target":["https:\/\/www.intuite.it\/?page_id=444"]}]},{"@type":"ImageObject","inLanguage":"it-IT","@id":"https:\/\/www.intuite.it\/?page_id=444#primaryimage","url":"https:\/\/www.intuite.it\/wp-content\/uploads\/2022\/12\/Cattura.jpg","contentUrl":"https:\/\/www.intuite.it\/wp-content\/uploads\/2022\/12\/Cattura.jpg","width":457,"height":644},{"@type":"BreadcrumbList","@id":"https:\/\/www.intuite.it\/?page_id=444#breadcrumb","itemListElement":[{"@type":"ListItem","position":1,"name":"Home","item":"https:\/\/www.intuite.it\/"},{"@type":"ListItem","position":2,"name":"One Logix"}]},{"@type":"WebSite","@id":"https:\/\/www.intuite.it\/#website","url":"https:\/\/www.intuite.it\/","name":"Intuite","description":"Software by humans","publisher":{"@id":"https:\/\/www.intuite.it\/#organization"},"potentialAction":[{"@type":"SearchAction","target":{"@type":"EntryPoint","urlTemplate":"https:\/\/www.intuite.it\/?s={search_term_string}"},"query-input":{"@type":"PropertyValueSpecification","valueRequired":true,"valueName":"search_term_string"}}],"inLanguage":"it-IT"},{"@type":"Organization","@id":"https:\/\/www.intuite.it\/#organization","name":"Intuite","url":"https:\/\/www.intuite.it\/","logo":{"@type":"ImageObject","inLanguage":"it-IT","@id":"https:\/\/www.intuite.it\/#\/schema\/logo\/image\/","url":"https:\/\/www.intuite.it\/wp-content\/uploads\/2021\/06\/cropped-cropped-logo-1-e1623857559879.jpg","contentUrl":"https:\/\/www.intuite.it\/wp-content\/uploads\/2021\/06\/cropped-cropped-logo-1-e1623857559879.jpg","width":1000,"height":438,"caption":"Intuite"},"image":{"@id":"https:\/\/www.intuite.it\/#\/schema\/logo\/image\/"},"sameAs":["https:\/\/www.linkedin.com\/in\/donato-sciannameo-b3a14284\/"]}]}},"_links":{"self":[{"href":"https:\/\/www.intuite.it\/index.php?rest_route=\/wp\/v2\/pages\/444","targetHints":{"allow":["GET"]}}],"collection":[{"href":"https:\/\/www.intuite.it\/index.php?rest_route=\/wp\/v2\/pages"}],"about":[{"href":"https:\/\/www.intuite.it\/index.php?rest_route=\/wp\/v2\/types\/page"}],"author":[{"embeddable":true,"href":"https:\/\/www.intuite.it\/index.php?rest_route=\/wp\/v2\/users\/3"}],"replies":[{"embeddable":true,"href":"https:\/\/www.intuite.it\/index.php?rest_route=%2Fwp%2Fv2%2Fcomments&post=444"}],"version-history":[{"count":94,"href":"https:\/\/www.intuite.it\/index.php?rest_route=\/wp\/v2\/pages\/444\/revisions"}],"predecessor-version":[{"id":2478,"href":"https:\/\/www.intuite.it\/index.php?rest_route=\/wp\/v2\/pages\/444\/revisions\/2478"}],"wp:attachment":[{"href":"https:\/\/www.intuite.it\/index.php?rest_route=%2Fwp%2Fv2%2Fmedia&parent=444"}],"curies":[{"name":"wp","href":"https:\/\/api.w.org\/{rel}","templated":true}]}}